{"id":898,"date":"2023-03-07T18:10:01","date_gmt":"2023-03-07T18:10:01","guid":{"rendered":"https:\/\/pulidos.de\/?page_id=898"},"modified":"2023-03-15T18:35:03","modified_gmt":"2023-03-15T18:35:03","slug":"uber-mich","status":"publish","type":"page","link":"https:\/\/pulidos.de\/?page_id=898&lang=de","title":{"rendered":"<strong>\u00dcber mich<\/strong>"},"content":{"rendered":"\t\t<div data-elementor-type=\"wp-page\" data-elementor-id=\"898\" class=\"elementor elementor-898\" data-elementor-post-type=\"page\">\n\t\t\t\t\t\t<section class=\"elementor-section elementor-top-section elementor-element elementor-element-c33ab1b elementor-section-boxed elementor-section-height-default elementor-section-height-default\" data-id=\"c33ab1b\" data-element_type=\"section\" data-settings=\"{&quot;background_background&quot;:&quot;classic&quot;}\">\n\t\t\t\t\t\t\t<div class=\"elementor-background-overlay\"><\/div>\n\t\t\t\t\t\t\t<div class=\"elementor-container elementor-column-gap-default\">\n\t\t\t\t\t<div class=\"elementor-column elementor-col-100 elementor-top-column elementor-element elementor-element-4c91bfd\" data-id=\"4c91bfd\" data-element_type=\"column\" data-settings=\"{&quot;background_background&quot;:&quot;classic&quot;}\">\n\t\t\t<div class=\"elementor-widget-wrap elementor-element-populated\">\n\t\t\t\t\t\t<section class=\"elementor-section elementor-inner-section elementor-element elementor-element-d03e8ab elementor-section-boxed elementor-section-height-default elementor-section-height-default\" data-id=\"d03e8ab\" data-element_type=\"section\">\n\t\t\t\t\t\t<div class=\"elementor-container elementor-column-gap-default\">\n\t\t\t\t\t<div class=\"elementor-column elementor-col-100 elementor-inner-column elementor-element elementor-element-06fd7f3\" data-id=\"06fd7f3\" data-element_type=\"column\">\n\t\t\t<div class=\"elementor-widget-wrap elementor-element-populated\">\n\t\t\t\t\t\t<div class=\"elementor-element elementor-element-bd2e8cd elementor-widget elementor-widget-heading\" data-id=\"bd2e8cd\" data-element_type=\"widget\" data-widget_type=\"heading.default\">\n\t\t\t\t<div class=\"elementor-widget-container\">\n\t\t\t\t\t<h1 class=\"elementor-heading-title elementor-size-default\">\u00dcber mich <\/h1>\t\t\t\t<\/div>\n\t\t\t\t<\/div>\n\t\t\t\t\t<\/div>\n\t\t<\/div>\n\t\t\t\t\t<\/div>\n\t\t<\/section>\n\t\t\t\t\t<\/div>\n\t\t<\/div>\n\t\t\t\t\t<\/div>\n\t\t<\/section>\n\t\t\t\t<section class=\"elementor-section elementor-top-section elementor-element elementor-element-0e9a677 elementor-section-boxed elementor-section-height-default elementor-section-height-default\" data-id=\"0e9a677\" data-element_type=\"section\">\n\t\t\t\t\t\t\t<div class=\"elementor-background-overlay\"><\/div>\n\t\t\t\t\t\t\t<div class=\"elementor-container elementor-column-gap-default\">\n\t\t\t\t\t<div class=\"elementor-column elementor-col-50 elementor-top-column elementor-element elementor-element-4052369\" data-id=\"4052369\" data-element_type=\"column\">\n\t\t\t<div class=\"elementor-widget-wrap elementor-element-populated\">\n\t\t\t\t\t\t<div class=\"elementor-element elementor-element-13991ab elementor-widget elementor-widget-elementskit-heading\" data-id=\"13991ab\" data-element_type=\"widget\" data-widget_type=\"elementskit-heading.default\">\n\t\t\t\t<div class=\"elementor-widget-container\">\n\t\t\t\t\t<div class=\"ekit-wid-con\" ><div class=\"ekit-heading elementskit-section-title-wraper text_left   ekit_heading_tablet-   ekit_heading_mobile-\"><h2 class=\"ekit-heading--title elementskit-section-title \">Pulidos<\/h2><\/div><\/div>\t\t\t\t<\/div>\n\t\t\t\t<\/div>\n\t\t\t\t<div class=\"elementor-element elementor-element-f7479d4 elementor-widget elementor-widget-text-editor\" data-id=\"f7479d4\" data-element_type=\"widget\" data-widget_type=\"text-editor.default\">\n\t\t\t\t<div class=\"elementor-widget-container\">\n\t\t\t\t\t\t\t\t\t<p>Geboren\u00a0 in Bogot\u00e1, Kolumbien als 11. Kind<\/p><p>von 18 Geschwistern.<\/p><p>\u00a0<\/p><p>Erste Quellen der Inspiration:<\/p><p>arch\u00e4ologische Funde der pr\u00e4kolumbianischen Kulturen,<\/p><p>Mythen und Legenden seines Kulturkreises.<\/p><p>\u00a0<\/p><p>Welt- und Europareisen in den Jahren 1975 bis 1986.<\/p><p>Seit 1987 wohnhaft in K\u00f6ln<\/p><p>Besuch der Fachhochschule K\u00f6ln f\u00fcr Architektur<\/p><p>und der Kunstakademie in D\u00fcsseldorf.<\/p><p>\u00a0<\/p><p>Beginn seines k\u00fcnstlerischen Schaffens<\/p><p>in Kanada 1981,in Europa 1987.<\/p><p>\u00a0<\/p><p>\u00a0<\/p><p>Beginn meines k\u00fcnstlerischen Schaffens in Kanada 1981, in Europa 1987;<\/p><p>Ausstellungen in der Schweiz, Belgien, Luxembourg,<\/p><p>Frankreich, Holland, \u00d6sterreich, Spanien, Finnland,<\/p><p>Schweden, Ungarn, Italien und Deutschland.<\/p><p>\u00a0<\/p><p>Einweihung seines zweiten Ateliers 2006 in La Vega,<\/p><p>bei Bogot\u00e1, Kolumbien,<\/p><p>und seit 2007 Pr\u00e4senz seiner Kunst auch in Kolumbien.<\/p>\t\t\t\t\t\t\t\t<\/div>\n\t\t\t\t<\/div>\n\t\t\t\t\t<\/div>\n\t\t<\/div>\n\t\t\t\t<div class=\"elementor-column elementor-col-50 elementor-top-column elementor-element elementor-element-a006eb8\" data-id=\"a006eb8\" data-element_type=\"column\">\n\t\t\t<div class=\"elementor-widget-wrap elementor-element-populated\">\n\t\t\t\t\t\t<div class=\"elementor-element elementor-element-a72c552 elementor-widget__width-initial elementor-widget elementor-widget-image\" data-id=\"a72c552\" data-element_type=\"widget\" data-widget_type=\"image.default\">\n\t\t\t\t<div class=\"elementor-widget-container\">\n\t\t\t\t\t\t\t\t\t\t\t\t\t\t\t<img fetchpriority=\"high\" decoding=\"async\" width=\"800\" height=\"917\" src=\"https:\/\/pulidos.de\/wp-content\/uploads\/2023\/02\/perfil-foto01-893x1024.jpg\" class=\"attachment-large size-large wp-image-125\" alt=\"\" srcset=\"https:\/\/pulidos.de\/wp-content\/uploads\/2023\/02\/perfil-foto01-893x1024.jpg 893w, https:\/\/pulidos.de\/wp-content\/uploads\/2023\/02\/perfil-foto01-262x300.jpg 262w, https:\/\/pulidos.de\/wp-content\/uploads\/2023\/02\/perfil-foto01-768x881.jpg 768w, https:\/\/pulidos.de\/wp-content\/uploads\/2023\/02\/perfil-foto01.jpg 1000w\" sizes=\"(max-width: 800px) 100vw, 800px\" \/>\t\t\t\t\t\t\t\t\t\t\t\t\t\t\t<\/div>\n\t\t\t\t<\/div>\n\t\t\t\t<div class=\"elementor-element elementor-element-b643d36 elementor-widget__width-initial elementor-absolute elementor-widget elementor-widget-image\" data-id=\"b643d36\" data-element_type=\"widget\" data-settings=\"{&quot;_position&quot;:&quot;absolute&quot;}\" data-widget_type=\"image.default\">\n\t\t\t\t<div class=\"elementor-widget-container\">\n\t\t\t\t\t\t\t\t\t\t\t\t\t\t\t<img decoding=\"async\" width=\"800\" height=\"844\" src=\"https:\/\/pulidos.de\/wp-content\/uploads\/2023\/02\/perfil-foto02.jpg\" class=\"attachment-large size-large wp-image-129\" alt=\"\" srcset=\"https:\/\/pulidos.de\/wp-content\/uploads\/2023\/02\/perfil-foto02.jpg 900w, https:\/\/pulidos.de\/wp-content\/uploads\/2023\/02\/perfil-foto02-285x300.jpg 285w, https:\/\/pulidos.de\/wp-content\/uploads\/2023\/02\/perfil-foto02-768x810.jpg 768w\" sizes=\"(max-width: 800px) 100vw, 800px\" \/>\t\t\t\t\t\t\t\t\t\t\t\t\t\t\t<\/div>\n\t\t\t\t<\/div>\n\t\t\t\t\t<\/div>\n\t\t<\/div>\n\t\t\t\t\t<\/div>\n\t\t<\/section>\n\t\t\t\t<section class=\"elementor-section elementor-top-section elementor-element elementor-element-2334c87 elementor-section-boxed elementor-section-height-default elementor-section-height-default\" data-id=\"2334c87\" data-element_type=\"section\">\n\t\t\t\t\t\t<div class=\"elementor-container elementor-column-gap-default\">\n\t\t\t\t\t<div class=\"elementor-column elementor-col-100 elementor-top-column elementor-element elementor-element-47f4a5f\" data-id=\"47f4a5f\" data-element_type=\"column\">\n\t\t\t<div class=\"elementor-widget-wrap elementor-element-populated\">\n\t\t\t\t\t\t<div class=\"elementor-element elementor-element-d22bfde elementor-widget-divider--separator-type-pattern elementor-widget-divider--view-line elementor-widget elementor-widget-divider\" data-id=\"d22bfde\" data-element_type=\"widget\" data-widget_type=\"divider.default\">\n\t\t\t\t<div class=\"elementor-widget-container\">\n\t\t\t\t\t\t\t<div class=\"elementor-divider\" style=\"--divider-pattern-url: url(&quot;data:image\/svg+xml,%3Csvg xmlns=&#039;http:\/\/www.w3.org\/2000\/svg&#039; preserveAspectRatio=&#039;none&#039; overflow=&#039;visible&#039; height=&#039;100%&#039; viewBox=&#039;0 0 20 16&#039; fill=&#039;none&#039; stroke=&#039;black&#039; stroke-width=&#039;1&#039; stroke-linecap=&#039;square&#039; stroke-miterlimit=&#039;10&#039;%3E%3Cg transform=&#039;translate(-12.000000, 0)&#039;%3E%3Cpath d=&#039;M28,0L10,18&#039;\/%3E%3Cpath d=&#039;M18,0L0,18&#039;\/%3E%3Cpath d=&#039;M48,0L30,18&#039;\/%3E%3Cpath d=&#039;M38,0L20,18&#039;\/%3E%3C\/g%3E%3C\/svg%3E&quot;);\">\n\t\t\t<span class=\"elementor-divider-separator\">\n\t\t\t\t\t\t<\/span>\n\t\t<\/div>\n\t\t\t\t\t\t<\/div>\n\t\t\t\t<\/div>\n\t\t\t\t\t<\/div>\n\t\t<\/div>\n\t\t\t\t\t<\/div>\n\t\t<\/section>\n\t\t\t\t<\/div>\n\t\t","protected":false},"excerpt":{"rendered":"<p>\u00dcber mich Pulidos Geboren\u00a0 in Bogot\u00e1, Kolumbien als 11. Kind von 18 Geschwistern. \u00a0 Erste Quellen der Inspiration: arch\u00e4ologische Funde der pr\u00e4kolumbianischen Kulturen, Mythen und Legenden seines Kulturkreises. \u00a0 Welt- und Europareisen in den Jahren 1975 bis 1986. Seit 1987 wohnhaft in K\u00f6ln Besuch der Fachhochschule K\u00f6ln f\u00fcr Architektur und der Kunstakademie in D\u00fcsseldorf. \u00a0 [&hellip;]<\/p>\n","protected":false},"author":1,"featured_media":0,"parent":0,"menu_order":0,"comment_status":"closed","ping_status":"closed","template":"","meta":{"footnotes":""},"class_list":["post-898","page","type-page","status-publish","hentry"],"_links":{"self":[{"href":"https:\/\/pulidos.de\/index.php?rest_route=\/wp\/v2\/pages\/898"}],"collection":[{"href":"https:\/\/pulidos.de\/index.php?rest_route=\/wp\/v2\/pages"}],"about":[{"href":"https:\/\/pulidos.de\/index.php?rest_route=\/wp\/v2\/types\/page"}],"author":[{"embeddable":true,"href":"https:\/\/pulidos.de\/index.php?rest_route=\/wp\/v2\/users\/1"}],"replies":[{"embeddable":true,"href":"https:\/\/pulidos.de\/index.php?rest_route=%2Fwp%2Fv2%2Fcomments&post=898"}],"version-history":[{"count":10,"href":"https:\/\/pulidos.de\/index.php?rest_route=\/wp\/v2\/pages\/898\/revisions"}],"predecessor-version":[{"id":1037,"href":"https:\/\/pulidos.de\/index.php?rest_route=\/wp\/v2\/pages\/898\/revisions\/1037"}],"wp:attachment":[{"href":"https:\/\/pulidos.de\/index.php?rest_route=%2Fwp%2Fv2%2Fmedia&parent=898"}],"curies":[{"name":"wp","href":"https:\/\/api.w.org\/{rel}","templated":true}]}}